{"id":73,"date":"2024-06-06T08:29:52","date_gmt":"2024-06-06T06:29:52","guid":{"rendered":"http:\/\/ccnoclx.cluster023.hosting.ovh.net\/?page_id=73"},"modified":"2025-03-20T10:00:06","modified_gmt":"2025-03-20T09:00:06","slug":"ecole-de-cyclisme","status":"publish","type":"page","link":"https:\/\/ccno.club\/index.php\/ecole-de-cyclisme\/","title":{"rendered":"L&rsquo;Ecole de Cyclisme"},"content":{"rendered":"<p style=\"text-align: justify; background-color: transparent;\">Notre \u00e9cole de cyclisme a \u00e9t\u00e9 cr\u00e9\u00e9e en 1975 et a, \u00e0 ce jour plus de 48 ans d&rsquo;activit\u00e9. Elle fonctionne tous les samedis apr\u00e8s-midi sous la responsabilit\u00e9 de son entraineur Mme Colette BRANTHONNE assist\u00e9e de plusieurs dirigeants du C.C.N.O dipl\u00f4m\u00e9s.<\/p>\n<p style=\"text-align: justify; background-color: transparent;\">Son effectif pour ces derni\u00e8res saisons varie de 20 \u00e0 35 enfants (effectif maxi) de 4 \u00e0 14 ans : baby-v\u00e9lo, pr\u00e9-licenci\u00e9, poussin, pupille, benjamin, minime.<\/p>\n<p style=\"text-align: justify; background-color: transparent;\">Depuis plusieurs ann\u00e9es, notre \u00e9cole de v\u00e9lo est devenue une des meilleures de notre r\u00e9gion, c&rsquo;est l&rsquo;\u00e9cole la plus active de la r\u00e9gion de Picardie, voire de Hauts de France, et son palmar\u00e8s en t\u00e9moigne :<\/p>\n<ul class=\"wp-block-list\">\n<li style=\"list-style-type: none;\">\n<ul class=\"wp-block-list\">\n<li>CHAMPIONNE des Hauts-de-France : 2017, 2018 et 2019<\/li>\n<li>CHAMPIONNE de Picardie : 1982, de 1998 \u00e0 2002, 2008, 2009, 2011, 2013, 2014, 2015<\/li>\n<li>CHAMPIONNE de l&rsquo;Oise : 1997 \u00e0 2002, de 2007 \u00e0 2009, 2013 \u00e0 2015, 2017<\/li>\n<\/ul>\n<\/li>\n<\/ul>\n<p style=\"text-align: justify; background-color: transparent;\">Soit 26 titres de championne :<\/p>\n<ul class=\"wp-block-list\">\n<li style=\"list-style-type: none;\">\n<ul class=\"wp-block-list\">\n<li>1 \u00e8re du Challenge Oise : 1999, 2000, 2008<\/li>\n<li>1 \u00e8re \u00e0 la Coupe de l&rsquo;Oise : 1999, 2000, 2008<\/li>\n<li>S\u00e9lectionn\u00e9e pour les CHAMPIONNATS DE FRANCE DES \u00c9COLES DE V\u00c9LO :<\/li>\n<\/ul>\n<\/li>\n<\/ul>\n\n\n<li>En 1998-1999-2000-2001. Les ann\u00e9es suivantes, c&rsquo;est une s\u00e9lection r\u00e9gionale, plusieurs de nos licenci\u00e9s sont retenus tous les ans pour y participer ;<\/li>\n\n<li>LABEL D&rsquo;EXCELLENCE NATIONAL DES ECOLES DE VELO (FFC) : de 2009 \u00e0 2022.\n\n\n\n<p><\/p>\n","protected":false},"excerpt":{"rendered":"<p>Notre \u00e9cole de cyclisme a \u00e9t\u00e9 cr\u00e9\u00e9e en 1975 et a, \u00e0 ce jour plus de 48 ans d&rsquo;activit\u00e9. Elle fonctionne tous les samedis apr\u00e8s-midi sous la responsabilit\u00e9 de son entraineur Mme Colette BRANTHONNE assist\u00e9e de plusieurs dirigeants du C.C.N.O dipl\u00f4m\u00e9s. Son effectif pour ces derni\u00e8res saisons varie de 20 \u00e0 35 enfants (effectif maxi) [&hellip;]<\/p>\n","protected":false},"author":1,"featured_media":0,"parent":0,"menu_order":2,"comment_status":"closed","ping_status":"closed","template":"","meta":{"footnotes":""},"class_list":["post-73","page","type-page","status-publish","hentry"],"_links":{"self":[{"href":"https:\/\/ccno.club\/index.php\/wp-json\/wp\/v2\/pages\/73","targetHints":{"allow":["GET"]}}],"collection":[{"href":"https:\/\/ccno.club\/index.php\/wp-json\/wp\/v2\/pages"}],"about":[{"href":"https:\/\/ccno.club\/index.php\/wp-json\/wp\/v2\/types\/page"}],"author":[{"embeddable":true,"href":"https:\/\/ccno.club\/index.php\/wp-json\/wp\/v2\/users\/1"}],"replies":[{"embeddable":true,"href":"https:\/\/ccno.club\/index.php\/wp-json\/wp\/v2\/comments?post=73"}],"version-history":[{"count":13,"href":"https:\/\/ccno.club\/index.php\/wp-json\/wp\/v2\/pages\/73\/revisions"}],"predecessor-version":[{"id":603,"href":"https:\/\/ccno.club\/index.php\/wp-json\/wp\/v2\/pages\/73\/revisions\/603"}],"wp:attachment":[{"href":"https:\/\/ccno.club\/index.php\/wp-json\/wp\/v2\/media?parent=73"}],"curies":[{"name":"wp","href":"https:\/\/api.w.org\/{rel}","templated":true}]}}