{"id":513,"date":"2025-01-30T13:38:43","date_gmt":"2025-01-30T12:38:43","guid":{"rendered":"https:\/\/ccno.club\/?page_id=513"},"modified":"2025-12-01T12:10:18","modified_gmt":"2025-12-01T11:10:18","slug":"lactu","status":"publish","type":"page","link":"https:\/\/ccno.club\/index.php\/lactu\/","title":{"rendered":"L&rsquo;Actu"},"content":{"rendered":"<ul class=\"wp-block-latest-posts__list has-dates wp-block-latest-posts\"><li><a class=\"wp-block-latest-posts__post-title\" href=\"https:\/\/ccno.club\/index.php\/2026\/03\/18\/cyclisme-le-team-lockimmo-com-cc-nogent-sur-oise-sest-mis-a-lheure-du-chrono\/\">Cyclisme\u00a0: le Team Lockimmo.com\/CC Nogent-sur-Oise s\u2019est mis \u00e0 l\u2019heure du \u00ab\u00a0chrono\u00a0\u00bb<\/a><time datetime=\"2026-03-18T10:36:02+01:00\" class=\"wp-block-latest-posts__post-date\">18 mars 2026<\/time><div class=\"wp-block-latest-posts__post-excerpt\"><\/div><\/li>\n<li><a class=\"wp-block-latest-posts__post-title\" href=\"https:\/\/ccno.club\/index.php\/2026\/03\/13\/presentation-de-lequipe-2026-chez-lockimmo\/\">Pr\u00e9sentation de l&rsquo;\u00e9quipe 2026 chez LOCKimmo<\/a><time datetime=\"2026-03-13T15:00:28+01:00\" class=\"wp-block-latest-posts__post-date\">13 mars 2026<\/time><div class=\"wp-block-latest-posts__post-excerpt\">Vendredi dernier, nous avons eu le plaisir d\u2019\u00eatre accueilli par LOCKimmo au Ch\u00e2teau de Mouy pour la pr\u00e9sentation de notre \u00e9quipe \u00e9lite ! Depuis 2024, LOCKimmo est fier d\u2019\u00eatre sponsor du club, et c\u2019\u00e9tait un v\u00e9ritable plaisir pour nous d&rsquo;\u00eatre re\u00e7u dans leurs locaux pour ce moment important de la saison. Nous avons eu l\u2019honneur de recevoir Philippe Ermenault, champion olympique de cyclisme et m\u00e9daill\u00e9 d\u2019or aux Jeux Olympiques d\u2019Atlanta en 1996, qui a parrain\u00e9 cette belle pr\u00e9sentation. Nous avons \u00e9galement eu le plaisir de compter parmi nous le d\u00e9put\u00e9 r\u00e9gional de l\u2019Oise. Une cinquantaine de personnes \u00e9taient r\u00e9unies pour\u2026 <a class=\"wp-block-latest-posts__read-more\" href=\"https:\/\/ccno.club\/index.php\/2026\/03\/13\/presentation-de-lequipe-2026-chez-lockimmo\/\" rel=\"noopener noreferrer\">Lire la suite<span class=\"screen-reader-text\">\u00a0: Pr\u00e9sentation de l&rsquo;\u00e9quipe 2026 chez LOCKimmo<\/span><\/a><\/div><\/li>\n<li><a class=\"wp-block-latest-posts__post-title\" href=\"https:\/\/ccno.club\/index.php\/2026\/03\/02\/le-team-lockimmo-recrute\/\">Le Team Lockimmo recrute&#8230;<\/a><time datetime=\"2026-03-02T17:18:06+01:00\" class=\"wp-block-latest-posts__post-date\">2 mars 2026<\/time><div class=\"wp-block-latest-posts__post-excerpt\">Le Team Lockimmo recrute ! Nous recherchons un m\u00e9canicien cycle pour accompagner l\u2019\u00e9quipe sur des courses \u00e0 \u00e9tapes et des courses d\u2019un jour. Pr\u00e9paration et entretien des v\u00e9los Assistance en comp\u00e9tition Esprit d\u2019\u00e9quipe indispensable Passionn\u00e9(e) de v\u00e9lo et envie de vivre les courses au c\u0153ur de l\u2019action ? Contact en message priv\u00e9 au par mail \u00e0 bureau@ccno.club pour plus d\u2019infos. Merci de partager<\/div><\/li>\n<li><a class=\"wp-block-latest-posts__post-title\" href=\"https:\/\/ccno.club\/index.php\/2026\/02\/13\/stage-intensif-a-bagnols-en-foret-pour-la-nationale-1-du-ccno-team-lockimmo\/\">Stage intensif \u00e0 Bagnols-en-For\u00eat pour la Nationale 1 du CCNO Team Lockimmo<\/a><time datetime=\"2026-02-13T08:51:26+01:00\" class=\"wp-block-latest-posts__post-date\">13 f\u00e9vrier 2026<\/time><div class=\"wp-block-latest-posts__post-excerpt\">Du 21 au 30 janvier 2026, l\u2019\u00e9quipe Nationale 1 du CCNO Team Lockimmo a pos\u00e9 ses valises \u00e0 Bagnols-en-For\u00eat pour un stage de pr\u00e9paration hivernale aussi exigeant que structurant. Au programme :\ud83d\udd39 Un premier bloc de 5 entra\u00eenements intensifs\ud83d\udd39 1 journ\u00e9e de repos (relatif\u2026 puisque 5 coureurs ont tout de m\u00eame encha\u00een\u00e9 avec une petite sortie)\ud83d\udd39 Un second bloc de 2 entra\u00eenements pour conclure le stage Des chiffres qui parlent En 10 jours, l\u2019\u00e9quipe a cumul\u00e9 : Un volume cons\u00e9quent qui refl\u00e8te l\u2019engagement du groupe et la volont\u00e9 de poser des bases solides avant le lancement de la saison. Entre\u2026 <a class=\"wp-block-latest-posts__read-more\" href=\"https:\/\/ccno.club\/index.php\/2026\/02\/13\/stage-intensif-a-bagnols-en-foret-pour-la-nationale-1-du-ccno-team-lockimmo\/\" rel=\"noopener noreferrer\">Lire la suite<span class=\"screen-reader-text\">\u00a0: Stage intensif \u00e0 Bagnols-en-For\u00eat pour la Nationale 1 du CCNO Team Lockimmo<\/span><\/a><\/div><\/li>\n<li><a class=\"wp-block-latest-posts__post-title\" href=\"https:\/\/ccno.club\/index.php\/2025\/12\/01\/assemblee-generale-2025\/\">Assembl\u00e9e g\u00e9n\u00e9rale 2025<\/a><time datetime=\"2025-12-01T11:11:22+01:00\" class=\"wp-block-latest-posts__post-date\">1 d\u00e9cembre 2025<\/time><div class=\"wp-block-latest-posts__post-excerpt\">Une soir\u00e9e tourn\u00e9e vers le renouveau Vendredi 28 novembre au soir, la Team LOCKimmo &#8211; Cyclo Club de Nogent-sur-Oise tenait son assembl\u00e9e g\u00e9n\u00e9rale annuelle au ch\u00e2teau des Rochers. Si la salle n\u2019\u00e9tait pas comble, pr\u00e8s d\u2019une centaine de participants avaient tout de m\u00eame fait le d\u00e9placement pour assister \u00e0 un moment important de la vie du club : le premier discours d\u2019Eddie Seigneur en tant que pr\u00e9sident. D\u2019entr\u00e9e, le nouveau pr\u00e9sident a donn\u00e9 le ton en partageant sa vision et l\u2019\u00e9tat d\u2019esprit qu\u2019il souhaite insuffler au club. Une dynamique de renouveau d\u00e9j\u00e0 perceptible, port\u00e9e par l\u2019envie de f\u00e9d\u00e9rer toutes les\u2026 <a class=\"wp-block-latest-posts__read-more\" href=\"https:\/\/ccno.club\/index.php\/2025\/12\/01\/assemblee-generale-2025\/\" rel=\"noopener noreferrer\">Lire la suite<span class=\"screen-reader-text\">\u00a0: Assembl\u00e9e g\u00e9n\u00e9rale 2025<\/span><\/a><\/div><\/li>\n<\/ul>","protected":false},"excerpt":{"rendered":"","protected":false},"author":1,"featured_media":0,"parent":0,"menu_order":0,"comment_status":"closed","ping_status":"closed","template":"","meta":{"footnotes":""},"class_list":["post-513","page","type-page","status-publish","hentry"],"_links":{"self":[{"href":"https:\/\/ccno.club\/index.php\/wp-json\/wp\/v2\/pages\/513","targetHints":{"allow":["GET"]}}],"collection":[{"href":"https:\/\/ccno.club\/index.php\/wp-json\/wp\/v2\/pages"}],"about":[{"href":"https:\/\/ccno.club\/index.php\/wp-json\/wp\/v2\/types\/page"}],"author":[{"embeddable":true,"href":"https:\/\/ccno.club\/index.php\/wp-json\/wp\/v2\/users\/1"}],"replies":[{"embeddable":true,"href":"https:\/\/ccno.club\/index.php\/wp-json\/wp\/v2\/comments?post=513"}],"version-history":[{"count":12,"href":"https:\/\/ccno.club\/index.php\/wp-json\/wp\/v2\/pages\/513\/revisions"}],"predecessor-version":[{"id":775,"href":"https:\/\/ccno.club\/index.php\/wp-json\/wp\/v2\/pages\/513\/revisions\/775"}],"wp:attachment":[{"href":"https:\/\/ccno.club\/index.php\/wp-json\/wp\/v2\/media?parent=513"}],"curies":[{"name":"wp","href":"https:\/\/api.w.org\/{rel}","templated":true}]}}