{"id":483,"date":"2025-01-30T12:11:10","date_gmt":"2025-01-30T11:11:10","guid":{"rendered":"https:\/\/ccno.club\/?page_id=483"},"modified":"2025-04-25T12:04:39","modified_gmt":"2025-04-25T10:04:39","slug":"483-2","status":"publish","type":"page","link":"https:\/\/ccno.club\/","title":{"rendered":"Le Mot"},"content":{"rendered":"\n<div class=\"wp-block-columns is-layout-flex wp-container-core-columns-is-layout-28f84493 wp-block-columns-is-layout-flex\">\n<div class=\"wp-block-column is-layout-flow wp-block-column-is-layout-flow\" style=\"flex-basis:20%\">\n<p align=left style=\"padding:3px;margin:2px\"><img decoding=\"async\" src=\"https:\/\/ccno.club\/wp-content\/uploads\/2025\/01\/eddy-e1738232222206.jpg\" ><br><small><small><small><small>Photo Courrier Picard \u00a9 Tous droits r\u00e9serv\u00e9s<\/small><\/small><\/small><\/p>\n<\/div>\n\n\n\n<div class=\"wp-block-column has-small-font-size is-layout-flow wp-block-column-is-layout-flow\" style=\"flex-basis:70%\">\n<p align=\"left\" style=\"text-align: justify;background-color: transparent;padding:3px;margin:2px\"><i>\u00ab\u00a0&#8230; Nous nous sommes donn\u00e9s trois ans pour redorer le blason du club avec le soutien de la municipalit\u00e9 et de LOCKImmo.com, notre partenaire titre, ce qui nous permet de voir l&rsquo;avenir avec optimisme&#8230; Le but est de remonter le niveau de notre \u00e9quipe Elite en N1. Avec cette vitrine, l&rsquo;autre ambition est de former des jeunes pour prendre la rel\u00e8ve. On sait que le v\u00e9lo ne va pas tr\u00e8s bien, mais nous allons nous donner le temps et on y arrivera tous ensemble.\u00a0\u00bb<\/i><\/p>\n<p align=\"right\" style=\"text-justify: inter-word;;background-color: transparent\"><small>Eddy Seigneur, Pr\u00e9sident <a href=\"https:\/\/www.lockimmo.com\/\" target=\"_NEW\">Team LOCKImmo.com<\/a> &#8211; Cyclo Club Nogent-sur-Oise<\/small><\/p>\n<p align=\"right\" style=\"text-justify: inter-word;background-color: transparent\"><a href=\"https:\/\/www.courrier-picard.fr\/id599179\/article\/2025-01-22\/cyclisme-lex-coureur-pro-picard-eddy-seigneur-coiffe-la-casquette-de-president\" target=\"_NEW\"><small><u>Source : Courrier Picard &#8211; Janvier 2025 <br><i>Cyclisme &#8211; l&rsquo;ex coureur pro  Picard Eddy Seigneur coiffe la casquette de Pr\u00e9sident<\/i><\/u><\/small><\/a><\/p>\n<\/div>\n<\/div>\n\n\n\n<p align=center style=\"height:64px;width:64px\"><center><style id=\"wp_carousel_dynamic_css636\">.sp-wp-carousel-free-id-636.wpcf-fancybox-wrapper .fancybox-bg{background: #0b0b0b;opacity: 0.8;}.sp-wp-carousel-free-id-636.wpcf-fancybox-wrapper .fancybox-navigation .fancybox-button .wpcp-fancybox-nav-arrow i {color: #ccc;}.sp-wp-carousel-free-id-636.wpcf-fancybox-wrapper .fancybox-navigation .fancybox-button .wpcp-fancybox-nav-arrow i:hover {color: #fff;}.sp-wp-carousel-free-id-636.wpcf-fancybox-wrapper .fancybox-navigation .fancybox-button {background: #1e1e1e;}.sp-wp-carousel-free-id-636.wpcf-fancybox-wrapper .fancybox-navigation .fancybox-button:hover {background: #1e1e1e;}#sp-wp-carousel-free-id-636 .wpcp-swiper-dots {margin: 40px 0px 0px 0px;}.wpcp-wrapper-636 .swiper-wrapper .swiper-slide-kenburn, .wpcp-wrapper-636 .swiper-wrapper, .wpcp-wrapper-636 .wpcpro-row{align-items: center;}#sp-wp-carousel-free-id-636 .wpcp-single-item {box-shadow: 0px 0px 0px 0px #dddddd;transition: all .3s;margin: 0px;}#sp-wp-carousel-free-id-636.swiper-flip .wpcp-single-item{margin: 0!important;}#sp-wp-carousel-free-id-636 .wpcp-single-item:hover {box-shadow: 0px 0px 0px 0px #dddddd;}#sp-wp-carousel-free-id-636.sp-wpcp-636 .wpcp-single-item {border: 1px solid #dddddd;}#sp-wp-carousel-free-id-636.wpcp-carousel-section.sp-wpcp-636 .swiper-button-prev,#sp-wp-carousel-free-id-636.wpcp-carousel-section.sp-wpcp-636 .swiper-button-next,#sp-wp-carousel-free-id-636.wpcp-carousel-section.sp-wpcp-636 .swiper-button-prev:hover,#sp-wp-carousel-free-id-636.wpcp-carousel-section.sp-wpcp-636 .swiper-button-next:hover {font-size: 18px ; font-weight: 400;}#sp-wp-carousel-free-id-636.sp-wpcp-636 .swiper-button-prev,#sp-wp-carousel-free-id-636.sp-wpcp-636 .swiper-button-next,#sp-wp-carousel-free-id-636.sp-wpcp-636 .swiper-button-prev:hover,#sp-wp-carousel-free-id-636.sp-wpcp-636 .swiper-button-next:hover {background: none;border: none;font-size: 30px;}#sp-wp-carousel-free-id-636.sp-wpcp-636 .swiper-button-prev i,#sp-wp-carousel-free-id-636.sp-wpcp-636 .swiper-button-next i {color: #aaa;}#sp-wp-carousel-free-id-636.sp-wpcp-636 .swiper-button-prev i:hover,#sp-wp-carousel-free-id-636.sp-wpcp-636 .swiper-button-next i:hover {color: #178087;}#sp-wp-carousel-free-id-636.sp-wpcp-636 .wpcp-swiper-dots .swiper-pagination-bullet {background-color: #cccccc;}#sp-wp-carousel-free-id-636.sp-wpcp-636 .wpcp-swiper-dots .swiper-pagination-bullet.swiper-pagination-bullet-active {background-color: #178087;} #sp-wp-carousel-free-id-636.sp-wpcp-636.wpcp-image-carousel .wpcp-single-item:hover img, #sp-wp-carousel-free-id-636.sp-wpcp-636.wpcp-post-carousel .wpcp-single-item:hover img, #sp-wp-carousel-free-id-636.sp-wpcp-636.wpcp-product-carousel .wpcp-single-item:hover img{-webkit-transform: scale(1.2);-moz-transform: scale(1.2);transform: scale(1.2);}#sp-wp-carousel-free-id-636 .wpcpro-row>[class*=\"wpcpro-col-\"] { padding: 0 6px; padding-bottom: 12px;} #sp-wp-carousel-free-id-636 .swiper-slide .single-item-fade:not(:last-child) { margin-right: 12px;}@media (min-width: 480px) { .wpcpro-row .wpcpro-col-sm-1 { flex: 0 0 100%; max-width: 100%; } .wpcpro-row .wpcpro-col-sm-2 { flex: 0 0 50%; max-width: 50%; } .wpcpro-row .wpcpro-col-sm-2-5 { flex: 0 0 75%; max-width: 75%; } .wpcpro-row .wpcpro-col-sm-3 { flex: 0 0 33.333%; max-width: 33.333%; } .wpcpro-row .wpcpro-col-sm-4 { flex: 0 0 25%; max-width: 25%; } .wpcpro-row .wpcpro-col-sm-5 { flex: 0 0 20%; max-width: 20%; } .wpcpro-row .wpcpro-col-sm-6 { flex: 0 0 16.66666666666667%; max-width: 16.66666666666667%; } .wpcpro-row .wpcpro-col-sm-7 { flex: 0 0 14.28571428%; max-width: 14.28571428%; } .wpcpro-row .wpcpro-col-sm-8 { flex: 0 0 12.5%; max-width: 12.5%; } } @media (max-width: 480px) { .wpcpro-row .wpcpro-col-xs-1 { flex: 0 0 100%; max-width: 100%; } .wpcpro-row .wpcpro-col-xs-2 { flex: 0 0 50%; max-width: 50%; } .wpcpro-row .wpcpro-col-xs-3 { flex: 0 0 33.222%; max-width: 33.222%; } .wpcpro-row .wpcpro-col-xs-4 { flex: 0 0 25%; max-width: 25%; } .wpcpro-row .wpcpro-col-xs-5 { flex: 0 0 20%; max-width: 20%; } .wpcpro-row .wpcpro-col-xs-6 { flex: 0 0 16.6667%; max-width: 16.6667%; } .wpcpro-row .wpcpro-col-xs-7 { flex: 0 0 14.28571428%; max-width: 14.28571428%; } .wpcpro-row .wpcpro-col-xs-8 { flex: 0 0 12.5%; max-width: 12.5%; } } @media (min-width: 736px) { .wpcpro-row .wpcpro-col-md-1 { flex: 0 0 100%; max-width: 100%; } .wpcpro-row .wpcpro-col-md-2 { flex: 0 0 50%; max-width: 50%; } .wpcpro-row .wpcpro-col-md-2-5 { flex: 0 0 75%; max-width: 75%; } .wpcpro-row .wpcpro-col-md-3 { flex: 0 0 33.333%; max-width: 33.333%; } .wpcpro-row .wpcpro-col-md-4 { flex: 0 0 25%; max-width: 25%; } .wpcpro-row .wpcpro-col-md-5 { flex: 0 0 20%; max-width: 20%; } .wpcpro-row .wpcpro-col-md-6 { flex: 0 0 16.66666666666667%; max-width: 16.66666666666667%; } .wpcpro-row .wpcpro-col-md-7 { flex: 0 0 14.28571428%; max-width: 14.28571428%; } .wpcpro-row .wpcpro-col-md-8 { flex: 0 0 12.5%; max-width: 12.5%; } } @media (min-width: 980px) { .wpcpro-row .wpcpro-col-lg-1 { flex: 0 0 100%; max-width: 100%; } .wpcpro-row .wpcpro-col-lg-2 { flex: 0 0 50%; max-width: 50%; } .wpcpro-row .wpcpro-col-lg-3 { flex: 0 0 33.222%; max-width: 33.222%; } .wpcpro-row .wpcpro-col-lg-4 { flex: 0 0 25%; max-width: 25%; } .wpcpro-row .wpcpro-col-lg-5 { flex: 0 0 20%; max-width: 20%; } .wpcpro-row .wpcpro-col-lg-6 { flex: 0 0 16.6667%; max-width: 16.6667%; } .wpcpro-row .wpcpro-col-lg-7 { flex: 0 0 14.28571428%; max-width: 14.28571428%; } .wpcpro-row .wpcpro-col-lg-8 { flex: 0 0 12.5%; max-width: 12.5%; } } @media (min-width: 1200px) { .wpcpro-row .wpcpro-col-xl-1 { flex: 0 0 100%; max-width: 100%; } .wpcpro-row .wpcpro-col-xl-2 { flex: 0 0 50%; max-width: 50%; } .wpcpro-row .wpcpro-col-xl-3 { flex: 0 0 33.22222222%; max-width: 33.22222222%; } .wpcpro-row .wpcpro-col-xl-4 { flex: 0 0 25%; max-width: 25%; } .wpcpro-row .wpcpro-col-xl-5 { flex: 0 0 20%; max-width: 20%; } .wpcpro-row .wpcpro-col-xl-6 { flex: 0 0 16.66667%; max-width: 16.66667%; } .wpcpro-row .wpcpro-col-xl-7 { flex: 0 0 14.28571428%; max-width: 14.28571428%; } .wpcpro-row .wpcpro-col-xl-8 { flex: 0 0 12.5%; max-width: 12.5%; } }<\/style><div class=\"wpcp-carousel-wrapper wpcp-wrapper-636\">\n\t<div id=\"wpcp-preloader-636\" class=\"wpcp-carousel-preloader\"><img decoding=\"async\" src=\"https:\/\/ccno.club\/wp-content\/plugins\/wp-carousel-free\/public\/css\/spinner.svg\" alt=\"Preloader Image\" \/><\/div>\t<div class=\"wpcp-carousel-content-wrapper\">\n\t<div id=\"sp-wp-carousel-free-id-636\" class=\"wpcp-carousel-section sp-wpcp-636  nav-vertical-center wpcp-image-carousel wpcp-preloader wpcp-standard wpcp-center\" data-swiper='{ &quot;pagination_type&quot;: &quot;dots&quot;,&quot;accessibility&quot;:true, &quot;spaceBetween&quot;:12, &quot;arrows&quot;:true, &quot;freeMode&quot;: false, &quot;autoplay&quot;:true, &quot;effect&quot;: &quot;slide&quot;, &quot;centerMode&quot;: true, &quot;autoplaySpeed&quot;:3000, &quot;dots&quot;:true, &quot;infinite&quot;:true, &quot;speed&quot;:600, &quot;pauseOnHover&quot;:true,\n\t\t\t&quot;slidesToShow&quot;:{&quot;lg_desktop&quot;:5, &quot;desktop&quot;: 4, &quot;laptop&quot;: 3, &quot;tablet&quot;: 2, &quot;mobile&quot;: 1}, &quot;responsive&quot;:{&quot;desktop&quot;:1200, &quot;laptop&quot;: 980, &quot;tablet&quot;: 736, &quot;mobile&quot;: 480}, &quot;rtl&quot;:false, &quot;lazyLoad&quot;: &quot;false&quot;, &quot;swipe&quot;: true, &quot;draggable&quot;: true, &quot;swipeToSlide&quot;:false }' dir=\"ltr\">\n\t\t<div class=\"swiper-wrapper\">\n\t\t<div class=\"swiper-slide\">\n\t<div class=\"wpcp-single-item\">\n\t\t\t<a class=\"wcp-light-box\" data-buttons='[\"close\"]' data-wpc_url='https:\/\/ccno.club\/wp-content\/uploads\/2025\/01\/Logo-LOCKimmo.png' href=\"https:\/\/ccno.club\/wp-content\/uploads\/2025\/01\/Logo-LOCKimmo.png\" data-fancybox=\"wpcp_view\">\n\t\t<figure>\n\t\t\t<img loading=\"lazy\" decoding=\"async\" class=\"skip-lazy\" src=\"https:\/\/ccno.club\/wp-content\/uploads\/2025\/01\/Logo-LOCKimmo.png\" alt=\"Tigrou LockImmo\" width=\"339\" height=\"350\">\t\t<\/figure>\n\t<\/a>\n\t\t<\/div>\n<\/div>\n\t<div class=\"swiper-slide\">\n\t<div class=\"wpcp-single-item\">\n\t\t\t<a class=\"wcp-light-box\" data-buttons='[\"close\"]' data-wpc_url='https:\/\/ccno.club\/wp-content\/uploads\/2025\/02\/taxi.png' href=\"https:\/\/ccno.club\/wp-content\/uploads\/2025\/02\/taxi.png\" data-fancybox=\"wpcp_view\">\n\t\t<figure>\n\t\t\t<img loading=\"lazy\" decoding=\"async\" class=\"skip-lazy\" src=\"https:\/\/ccno.club\/wp-content\/uploads\/2025\/02\/taxi.png\" alt=\"taxi\" width=\"854\" height=\"384\">\t\t<\/figure>\n\t<\/a>\n\t\t<\/div>\n<\/div>\n\t<div class=\"swiper-slide\">\n\t<div class=\"wpcp-single-item\">\n\t\t\t<a class=\"wcp-light-box\" data-buttons='[\"close\"]' data-wpc_url='https:\/\/ccno.club\/wp-content\/uploads\/2025\/02\/logo-s2r-noir-e1739536585986.png' href=\"https:\/\/ccno.club\/wp-content\/uploads\/2025\/02\/logo-s2r-noir-e1739536585986.png\" data-fancybox=\"wpcp_view\">\n\t\t<figure>\n\t\t\t<img loading=\"lazy\" decoding=\"async\" class=\"skip-lazy\" src=\"https:\/\/ccno.club\/wp-content\/uploads\/2025\/02\/logo-s2r-noir-e1739536585986.png\" alt=\"https:\/\/www.s2r-starbrand.com\/\" width=\"1037\" height=\"328\">\t\t<\/figure>\n\t<\/a>\n\t\t<\/div>\n<\/div>\n\t<div class=\"swiper-slide\">\n\t<div class=\"wpcp-single-item\">\n\t\t\t<a class=\"wcp-light-box\" data-buttons='[\"close\"]' data-wpc_url='https:\/\/ccno.club\/wp-content\/uploads\/2025\/04\/Charly-Velo.jpg' href=\"https:\/\/ccno.club\/wp-content\/uploads\/2025\/04\/Charly-Velo.jpg\" data-fancybox=\"wpcp_view\">\n\t\t<figure>\n\t\t\t<img loading=\"lazy\" decoding=\"async\" class=\"skip-lazy\" src=\"https:\/\/ccno.club\/wp-content\/uploads\/2025\/04\/Charly-Velo.jpg\" alt=\"Charly Velo\" width=\"1484\" height=\"1484\">\t\t<\/figure>\n\t<\/a>\n\t\t<\/div>\n<\/div>\n\t<div class=\"swiper-slide\">\n\t<div class=\"wpcp-single-item\">\n\t\t\t<a class=\"wcp-light-box\" data-buttons='[\"close\"]' data-wpc_url='https:\/\/ccno.club\/wp-content\/uploads\/2024\/11\/opel.png' href=\"https:\/\/ccno.club\/wp-content\/uploads\/2024\/11\/opel.png\" data-fancybox=\"wpcp_view\">\n\t\t<figure>\n\t\t\t<img loading=\"lazy\" decoding=\"async\" class=\"skip-lazy\" src=\"https:\/\/ccno.club\/wp-content\/uploads\/2024\/11\/opel.png\" alt=\"opel\" width=\"137\" height=\"137\">\t\t<\/figure>\n\t<\/a>\n\t\t<\/div>\n<\/div>\n\t<div class=\"swiper-slide\">\n\t<div class=\"wpcp-single-item\">\n\t\t\t<a class=\"wcp-light-box\" data-buttons='[\"close\"]' data-wpc_url='https:\/\/ccno.club\/wp-content\/uploads\/2024\/11\/benoitchevrier.jpg' href=\"https:\/\/ccno.club\/wp-content\/uploads\/2024\/11\/benoitchevrier.jpg\" data-fancybox=\"wpcp_view\">\n\t\t<figure>\n\t\t\t<img loading=\"lazy\" decoding=\"async\" class=\"skip-lazy\" src=\"https:\/\/ccno.club\/wp-content\/uploads\/2024\/11\/benoitchevrier.jpg\" alt=\"benoitchevrier\" width=\"215\" height=\"205\">\t\t<\/figure>\n\t<\/a>\n\t\t<\/div>\n<\/div>\n\t<div class=\"swiper-slide\">\n\t<div class=\"wpcp-single-item\">\n\t\t\t<a class=\"wcp-light-box\" data-buttons='[\"close\"]' data-wpc_url='https:\/\/ccno.club\/wp-content\/uploads\/2025\/04\/2CMS.jpg' href=\"https:\/\/ccno.club\/wp-content\/uploads\/2025\/04\/2CMS.jpg\" data-fancybox=\"wpcp_view\">\n\t\t<figure>\n\t\t\t<img loading=\"lazy\" decoding=\"async\" class=\"skip-lazy\" src=\"https:\/\/ccno.club\/wp-content\/uploads\/2025\/04\/2CMS.jpg\" alt=\"2CMS\" width=\"363\" height=\"337\">\t\t<\/figure>\n\t<\/a>\n\t\t<\/div>\n<\/div>\n\t<div class=\"swiper-slide\">\n\t<div class=\"wpcp-single-item\">\n\t\t\t<a class=\"wcp-light-box\" data-buttons='[\"close\"]' data-wpc_url='https:\/\/ccno.club\/wp-content\/uploads\/2025\/04\/santerne-scaled.png' href=\"https:\/\/ccno.club\/wp-content\/uploads\/2025\/04\/santerne-scaled.png\" data-fancybox=\"wpcp_view\">\n\t\t<figure>\n\t\t\t<img loading=\"lazy\" decoding=\"async\" class=\"skip-lazy\" src=\"https:\/\/ccno.club\/wp-content\/uploads\/2025\/04\/santerne-scaled.png\" alt=\"santerne\" width=\"2560\" height=\"847\">\t\t<\/figure>\n\t<\/a>\n\t\t<\/div>\n<\/div>\n\t<div class=\"swiper-slide\">\n\t<div class=\"wpcp-single-item\">\n\t\t\t<a class=\"wcp-light-box\" data-buttons='[\"close\"]' data-wpc_url='https:\/\/ccno.club\/wp-content\/uploads\/2025\/04\/BTTP.jpg' href=\"https:\/\/ccno.club\/wp-content\/uploads\/2025\/04\/BTTP.jpg\" data-fancybox=\"wpcp_view\">\n\t\t<figure>\n\t\t\t<img loading=\"lazy\" decoding=\"async\" class=\"skip-lazy\" src=\"https:\/\/ccno.club\/wp-content\/uploads\/2025\/04\/BTTP.jpg\" alt=\"BTTP\" width=\"1306\" height=\"677\">\t\t<\/figure>\n\t<\/a>\n\t\t<\/div>\n<\/div>\n\t<div class=\"swiper-slide\">\n\t<div class=\"wpcp-single-item\">\n\t\t\t<a class=\"wcp-light-box\" data-buttons='[\"close\"]' data-wpc_url='https:\/\/ccno.club\/wp-content\/uploads\/2025\/03\/WhatsApp-Image-2025-03-12-at-11.21.02.jpeg' href=\"https:\/\/ccno.club\/wp-content\/uploads\/2025\/03\/WhatsApp-Image-2025-03-12-at-11.21.02.jpeg\" data-fancybox=\"wpcp_view\">\n\t\t<figure>\n\t\t\t<img loading=\"lazy\" decoding=\"async\" class=\"skip-lazy\" src=\"https:\/\/ccno.club\/wp-content\/uploads\/2025\/03\/WhatsApp-Image-2025-03-12-at-11.21.02.jpeg\" alt=\"WhatsApp Image 2025-03-12 at 11.21.02\" width=\"225\" height=\"225\">\t\t<\/figure>\n\t<\/a>\n\t\t<\/div>\n<\/div>\n\t<div class=\"swiper-slide\">\n\t<div class=\"wpcp-single-item\">\n\t\t\t<a class=\"wcp-light-box\" data-buttons='[\"close\"]' data-wpc_url='https:\/\/ccno.club\/wp-content\/uploads\/2025\/03\/LOGO-CTN-RESEAUX-FOND-GRIS.jpg' href=\"https:\/\/ccno.club\/wp-content\/uploads\/2025\/03\/LOGO-CTN-RESEAUX-FOND-GRIS.jpg\" data-fancybox=\"wpcp_view\">\n\t\t<figure>\n\t\t\t<img loading=\"lazy\" decoding=\"async\" class=\"skip-lazy\" src=\"https:\/\/ccno.club\/wp-content\/uploads\/2025\/03\/LOGO-CTN-RESEAUX-FOND-GRIS.jpg\" alt=\"LOGO-CTN-RESEAUX-FOND-GRIS\" width=\"2000\" height=\"789\">\t\t<\/figure>\n\t<\/a>\n\t\t<\/div>\n<\/div>\n\t<div class=\"swiper-slide\">\n\t<div class=\"wpcp-single-item\">\n\t\t\t<a class=\"wcp-light-box\" data-buttons='[\"close\"]' data-wpc_url='https:\/\/ccno.club\/wp-content\/uploads\/2024\/11\/oise.png' href=\"https:\/\/ccno.club\/wp-content\/uploads\/2024\/11\/oise.png\" data-fancybox=\"wpcp_view\">\n\t\t<figure>\n\t\t\t<img loading=\"lazy\" decoding=\"async\" class=\"skip-lazy\" src=\"https:\/\/ccno.club\/wp-content\/uploads\/2024\/11\/oise.png\" alt=\"oise\" width=\"173\" height=\"161\">\t\t<\/figure>\n\t<\/a>\n\t\t<\/div>\n<\/div>\n\t<div class=\"swiper-slide\">\n\t<div class=\"wpcp-single-item\">\n\t\t\t<a class=\"wcp-light-box\" data-buttons='[\"close\"]' data-wpc_url='https:\/\/ccno.club\/wp-content\/uploads\/2024\/11\/hdf.jpg' href=\"https:\/\/ccno.club\/wp-content\/uploads\/2024\/11\/hdf.jpg\" data-fancybox=\"wpcp_view\">\n\t\t<figure>\n\t\t\t<img loading=\"lazy\" decoding=\"async\" class=\"skip-lazy\" src=\"https:\/\/ccno.club\/wp-content\/uploads\/2024\/11\/hdf.jpg\" alt=\"hdf\" width=\"166\" height=\"166\">\t\t<\/figure>\n\t<\/a>\n\t\t<\/div>\n<\/div>\n\t<div class=\"swiper-slide\">\n\t<div class=\"wpcp-single-item\">\n\t\t\t<a class=\"wcp-light-box\" data-buttons='[\"close\"]' data-wpc_url='https:\/\/ccno.club\/wp-content\/uploads\/2024\/11\/nogent.png' href=\"https:\/\/ccno.club\/wp-content\/uploads\/2024\/11\/nogent.png\" data-fancybox=\"wpcp_view\">\n\t\t<figure>\n\t\t\t<img loading=\"lazy\" decoding=\"async\" class=\"skip-lazy\" src=\"https:\/\/ccno.club\/wp-content\/uploads\/2024\/11\/nogent.png\" alt=\"nogent\" width=\"299\" height=\"268\">\t\t<\/figure>\n\t<\/a>\n\t\t<\/div>\n<\/div>\n\t<div class=\"swiper-slide\">\n\t<div class=\"wpcp-single-item\">\n\t\t\t<a class=\"wcp-light-box\" data-buttons='[\"close\"]' data-wpc_url='https:\/\/ccno.club\/wp-content\/uploads\/2024\/11\/ekoi-1.png' href=\"https:\/\/ccno.club\/wp-content\/uploads\/2024\/11\/ekoi-1.png\" data-fancybox=\"wpcp_view\">\n\t\t<figure>\n\t\t\t<img loading=\"lazy\" decoding=\"async\" class=\"skip-lazy\" src=\"https:\/\/ccno.club\/wp-content\/uploads\/2024\/11\/ekoi-1.png\" alt=\"ekoi\" width=\"140\" height=\"135\">\t\t<\/figure>\n\t<\/a>\n\t\t<\/div>\n<\/div>\n\t<div class=\"swiper-slide\">\n\t<div class=\"wpcp-single-item\">\n\t\t\t<a class=\"wcp-light-box\" data-buttons='[\"close\"]' data-wpc_url='https:\/\/ccno.club\/wp-content\/uploads\/2026\/02\/logo-16950490111.png' href=\"https:\/\/ccno.club\/wp-content\/uploads\/2026\/02\/logo-16950490111.png\" data-fancybox=\"wpcp_view\">\n\t\t<figure>\n\t\t\t<img loading=\"lazy\" decoding=\"async\" class=\"skip-lazy\" src=\"https:\/\/ccno.club\/wp-content\/uploads\/2026\/02\/logo-16950490111.png\" alt=\"logo-1695049011[1]\" width=\"900\" height=\"300\">\t\t<\/figure>\n\t<\/a>\n\t\t<\/div>\n<\/div>\n\t<div class=\"swiper-slide\">\n\t<div class=\"wpcp-single-item\">\n\t\t\t<a class=\"wcp-light-box\" data-buttons='[\"close\"]' data-wpc_url='https:\/\/ccno.club\/wp-content\/uploads\/2024\/11\/look.jpg' href=\"https:\/\/ccno.club\/wp-content\/uploads\/2024\/11\/look.jpg\" data-fancybox=\"wpcp_view\">\n\t\t<figure>\n\t\t\t<img loading=\"lazy\" decoding=\"async\" class=\"skip-lazy\" src=\"https:\/\/ccno.club\/wp-content\/uploads\/2024\/11\/look.jpg\" alt=\"look\" width=\"178\" height=\"179\">\t\t<\/figure>\n\t<\/a>\n\t\t<\/div>\n<\/div>\n\t\t\t<\/div>\n\t\t\t\t\t<div class=\"wpcp-swiper-dots swiper-pagination\"><\/div>\n\t\t\t\t<!-- If we need navigation buttons -->\n\t\t\t\t\t<div class=\"wpcp-prev-button swiper-button-prev\"><i class=\"fa fa-angle-left\"><\/i><\/div>\n\t\t\t<div class=\"wpcp-next-button swiper-button-next\"><i class=\"fa fa-angle-right\"><\/i><\/div>\n\t\t\t<\/div>\n\t<\/div>\n<\/div>\n<\/center><\/p>\n\n\n\n<p><\/p>\n","protected":false},"excerpt":{"rendered":"<p>Photo Courrier Picard \u00a9 Tous droits r\u00e9serv\u00e9s \u00ab\u00a0&#8230; Nous nous sommes donn\u00e9s trois ans pour redorer le blason du club avec le soutien de la municipalit\u00e9 et de LOCKImmo.com, notre partenaire titre, ce qui nous permet de voir l&rsquo;avenir avec optimisme&#8230; Le but est de remonter le niveau de notre \u00e9quipe Elite en N1. Avec [&hellip;]<\/p>\n","protected":false},"author":1,"featured_media":0,"parent":0,"menu_order":0,"comment_status":"closed","ping_status":"closed","template":"","meta":{"footnotes":""},"class_list":["post-483","page","type-page","status-publish","hentry"],"_links":{"self":[{"href":"https:\/\/ccno.club\/index.php\/wp-json\/wp\/v2\/pages\/483","targetHints":{"allow":["GET"]}}],"collection":[{"href":"https:\/\/ccno.club\/index.php\/wp-json\/wp\/v2\/pages"}],"about":[{"href":"https:\/\/ccno.club\/index.php\/wp-json\/wp\/v2\/types\/page"}],"author":[{"embeddable":true,"href":"https:\/\/ccno.club\/index.php\/wp-json\/wp\/v2\/users\/1"}],"replies":[{"embeddable":true,"href":"https:\/\/ccno.club\/index.php\/wp-json\/wp\/v2\/comments?post=483"}],"version-history":[{"count":30,"href":"https:\/\/ccno.club\/index.php\/wp-json\/wp\/v2\/pages\/483\/revisions"}],"predecessor-version":[{"id":637,"href":"https:\/\/ccno.club\/index.php\/wp-json\/wp\/v2\/pages\/483\/revisions\/637"}],"wp:attachment":[{"href":"https:\/\/ccno.club\/index.php\/wp-json\/wp\/v2\/media?parent=483"}],"curies":[{"name":"wp","href":"https:\/\/api.w.org\/{rel}","templated":true}]}}